{"id":1944,"date":"2021-12-21T11:52:29","date_gmt":"2021-12-21T11:52:29","guid":{"rendered":"https:\/\/www.aes.es\/blog\/?page_id=1944"},"modified":"2021-12-21T11:52:40","modified_gmt":"2021-12-21T11:52:40","slug":"suscripcion","status":"publish","type":"page","link":"https:\/\/www.aes.es\/blog\/suscripcion\/","title":{"rendered":"Suscripci\u00f3n"},"content":{"rendered":"<p>Para estar informado sobre las publicaciones en el Blog \u2018Econom\u00eda y Salud\u2019 tienes diferentes opciones, todas ellas complementarias:<\/p>\n<p><strong>Hazte Socio\/a de AES<\/strong>. Cada vez que se publica una entrada en el Blog de Econom\u00eda y Salud, las y los socios reciben una notificaci\u00f3n por email. Si todav\u00eda no eres socio\/a de AES puedes hacerte desde <a href=\"http:\/\/www.aes.es\/suscripcion-socio-ordinario\/\" target=\"_blank\" rel=\"noopener\">aqu\u00ed<\/a>.<\/p>\n<p><strong>S\u00edguenos en Redes sociales<\/strong>. Los canales sociales de AES tanto en Twitter (<a href=\"https:\/\/twitter.com\/AESeconsalud\" target=\"_blank\" rel=\"noopener\">@AESeconsalud<\/a>) como en <a href=\"https:\/\/www.linkedin.com\/company\/asociacioneconomiasalud\" target=\"_blank\" rel=\"noopener\">LinkedIn<\/a> se hacen eco de cada publicaci\u00f3n en el blog.<\/p>\n<p><strong>A\u00f1ade una fuente web (RSS) en tu gestor de correo<\/strong>. El <em>Really Simple Syndication<\/em> (RSS) crea una carpeta en el gestor de correo (Outlook o el que utilices), y cada vez que se publica una entrada en el Blog se recibe una notificaci\u00f3n como si fuera un correo electr\u00f3nico. Los pasos para establecer el RSS se indican abajo. Tambi\u00e9n puedes utilizar un agregador de noticias (tambi\u00e9n llamado lector de RSS)<\/p>\n","protected":false},"excerpt":{"rendered":"<p>Para estar informado sobre las publicaciones en el Blog \u2018Econom\u00eda y Salud\u2019 tienes diferentes opciones, todas ellas complementarias: Hazte Socio\/a de AES. Cada vez que se publica una entrada en el Blog de Econom\u00eda y Salud, las y los socios reciben una notificaci\u00f3n por email. Si todav\u00eda no eres socio\/a de AES puedes hacerte desde [&hellip;]<\/p>\n","protected":false},"author":1,"featured_media":0,"parent":0,"menu_order":0,"comment_status":"closed","ping_status":"closed","template":"","meta":{"footnotes":""},"coauthors":[17],"class_list":["post-1944","page","type-page","status-publish","hentry"],"yoast_head":"<!-- This site is optimized with the Yoast SEO plugin v27.3 - https:\/\/yoast.com\/product\/yoast-seo-wordpress\/ -->\n<title>Suscripci\u00f3n - Blog Econom\u00eda y Salud<\/title>\n<meta name=\"robots\" content=\"index, follow, max-snippet:-1, max-image-preview:large, max-video-preview:-1\" \/>\n<link rel=\"canonical\" href=\"https:\/\/www.aes.es\/blog\/suscripcion\/\" \/>\n<meta property=\"og:locale\" content=\"es_ES\" \/>\n<meta property=\"og:type\" content=\"article\" \/>\n<meta property=\"og:title\" content=\"Suscripci\u00f3n - Blog Econom\u00eda y Salud\" \/>\n<meta property=\"og:description\" content=\"Para estar informado sobre las publicaciones en el Blog \u2018Econom\u00eda y Salud\u2019 tienes diferentes opciones, todas ellas complementarias: Hazte Socio\/a de AES. Cada vez que se publica una entrada en el Blog de Econom\u00eda y Salud, las y los socios reciben una notificaci\u00f3n por email. Si todav\u00eda no eres socio\/a de AES puedes hacerte desde [&hellip;]\" \/>\n<meta property=\"og:url\" content=\"https:\/\/www.aes.es\/blog\/suscripcion\/\" \/>\n<meta property=\"og:site_name\" content=\"Blog Econom\u00eda y Salud\" \/>\n<meta property=\"article:modified_time\" content=\"2021-12-21T11:52:40+00:00\" \/>\n<meta name=\"twitter:card\" content=\"summary_large_image\" \/>\n<meta name=\"twitter:label1\" content=\"Tiempo de lectura\" \/>\n\t<meta name=\"twitter:data1\" content=\"1 minuto\" \/>\n\t<meta name=\"twitter:label2\" content=\"Written by\" \/>\n\t<meta name=\"twitter:data2\" content=\"Asociaci\u00f3n de Econom\u00eda de la Salud\" \/>\n<script type=\"application\/ld+json\" class=\"yoast-schema-graph\">{\"@context\":\"https:\\\/\\\/schema.org\",\"@graph\":[{\"@type\":\"WebPage\",\"@id\":\"https:\\\/\\\/www.aes.es\\\/blog\\\/suscripcion\\\/\",\"url\":\"https:\\\/\\\/www.aes.es\\\/blog\\\/suscripcion\\\/\",\"name\":\"Suscripci\u00f3n - Blog Econom\u00eda y Salud\",\"isPartOf\":{\"@id\":\"https:\\\/\\\/www.aes.es\\\/blog\\\/#website\"},\"datePublished\":\"2021-12-21T11:52:29+00:00\",\"dateModified\":\"2021-12-21T11:52:40+00:00\",\"breadcrumb\":{\"@id\":\"https:\\\/\\\/www.aes.es\\\/blog\\\/suscripcion\\\/#breadcrumb\"},\"inLanguage\":\"es\",\"potentialAction\":[{\"@type\":\"ReadAction\",\"target\":[\"https:\\\/\\\/www.aes.es\\\/blog\\\/suscripcion\\\/\"]}]},{\"@type\":\"BreadcrumbList\",\"@id\":\"https:\\\/\\\/www.aes.es\\\/blog\\\/suscripcion\\\/#breadcrumb\",\"itemListElement\":[{\"@type\":\"ListItem\",\"position\":1,\"name\":\"Portada\",\"item\":\"https:\\\/\\\/www.aes.es\\\/blog\\\/\"},{\"@type\":\"ListItem\",\"position\":2,\"name\":\"Suscripci\u00f3n\"}]},{\"@type\":\"WebSite\",\"@id\":\"https:\\\/\\\/www.aes.es\\\/blog\\\/#website\",\"url\":\"https:\\\/\\\/www.aes.es\\\/blog\\\/\",\"name\":\"Blog Econom\u00eda y Salud\",\"description\":\"Econom\u00eda y Salud\",\"potentialAction\":[{\"@type\":\"SearchAction\",\"target\":{\"@type\":\"EntryPoint\",\"urlTemplate\":\"https:\\\/\\\/www.aes.es\\\/blog\\\/?s={search_term_string}\"},\"query-input\":{\"@type\":\"PropertyValueSpecification\",\"valueRequired\":true,\"valueName\":\"search_term_string\"}}],\"inLanguage\":\"es\"}]}<\/script>\n<!-- \/ Yoast SEO plugin. -->","yoast_head_json":{"title":"Suscripci\u00f3n - Blog Econom\u00eda y Salud","robots":{"index":"index","follow":"follow","max-snippet":"max-snippet:-1","max-image-preview":"max-image-preview:large","max-video-preview":"max-video-preview:-1"},"canonical":"https:\/\/www.aes.es\/blog\/suscripcion\/","og_locale":"es_ES","og_type":"article","og_title":"Suscripci\u00f3n - Blog Econom\u00eda y Salud","og_description":"Para estar informado sobre las publicaciones en el Blog \u2018Econom\u00eda y Salud\u2019 tienes diferentes opciones, todas ellas complementarias: Hazte Socio\/a de AES. Cada vez que se publica una entrada en el Blog de Econom\u00eda y Salud, las y los socios reciben una notificaci\u00f3n por email. Si todav\u00eda no eres socio\/a de AES puedes hacerte desde [&hellip;]","og_url":"https:\/\/www.aes.es\/blog\/suscripcion\/","og_site_name":"Blog Econom\u00eda y Salud","article_modified_time":"2021-12-21T11:52:40+00:00","twitter_card":"summary_large_image","twitter_misc":{"Tiempo de lectura":"1 minuto","Written by":"Asociaci\u00f3n de Econom\u00eda de la Salud"},"schema":{"@context":"https:\/\/schema.org","@graph":[{"@type":"WebPage","@id":"https:\/\/www.aes.es\/blog\/suscripcion\/","url":"https:\/\/www.aes.es\/blog\/suscripcion\/","name":"Suscripci\u00f3n - Blog Econom\u00eda y Salud","isPartOf":{"@id":"https:\/\/www.aes.es\/blog\/#website"},"datePublished":"2021-12-21T11:52:29+00:00","dateModified":"2021-12-21T11:52:40+00:00","breadcrumb":{"@id":"https:\/\/www.aes.es\/blog\/suscripcion\/#breadcrumb"},"inLanguage":"es","potentialAction":[{"@type":"ReadAction","target":["https:\/\/www.aes.es\/blog\/suscripcion\/"]}]},{"@type":"BreadcrumbList","@id":"https:\/\/www.aes.es\/blog\/suscripcion\/#breadcrumb","itemListElement":[{"@type":"ListItem","position":1,"name":"Portada","item":"https:\/\/www.aes.es\/blog\/"},{"@type":"ListItem","position":2,"name":"Suscripci\u00f3n"}]},{"@type":"WebSite","@id":"https:\/\/www.aes.es\/blog\/#website","url":"https:\/\/www.aes.es\/blog\/","name":"Blog Econom\u00eda y Salud","description":"Econom\u00eda y Salud","potentialAction":[{"@type":"SearchAction","target":{"@type":"EntryPoint","urlTemplate":"https:\/\/www.aes.es\/blog\/?s={search_term_string}"},"query-input":{"@type":"PropertyValueSpecification","valueRequired":true,"valueName":"search_term_string"}}],"inLanguage":"es"}]}},"_links":{"self":[{"href":"https:\/\/www.aes.es\/blog\/wp-json\/wp\/v2\/pages\/1944","targetHints":{"allow":["GET"]}}],"collection":[{"href":"https:\/\/www.aes.es\/blog\/wp-json\/wp\/v2\/pages"}],"about":[{"href":"https:\/\/www.aes.es\/blog\/wp-json\/wp\/v2\/types\/page"}],"author":[{"embeddable":true,"href":"https:\/\/www.aes.es\/blog\/wp-json\/wp\/v2\/users\/1"}],"replies":[{"embeddable":true,"href":"https:\/\/www.aes.es\/blog\/wp-json\/wp\/v2\/comments?post=1944"}],"version-history":[{"count":1,"href":"https:\/\/www.aes.es\/blog\/wp-json\/wp\/v2\/pages\/1944\/revisions"}],"predecessor-version":[{"id":1945,"href":"https:\/\/www.aes.es\/blog\/wp-json\/wp\/v2\/pages\/1944\/revisions\/1945"}],"wp:attachment":[{"href":"https:\/\/www.aes.es\/blog\/wp-json\/wp\/v2\/media?parent=1944"}],"wp:term":[{"taxonomy":"author","embeddable":true,"href":"https:\/\/www.aes.es\/blog\/wp-json\/wp\/v2\/coauthors?post=1944"}],"curies":[{"name":"wp","href":"https:\/\/api.w.org\/{rel}","templated":true}]}}