{"id":1942,"date":"2021-12-21T11:49:23","date_gmt":"2021-12-21T11:49:23","guid":{"rendered":"https:\/\/www.aes.es\/blog\/?page_id=1942"},"modified":"2021-12-21T11:49:44","modified_gmt":"2021-12-21T11:49:44","slug":"contribuciones","status":"publish","type":"page","link":"https:\/\/www.aes.es\/blog\/contribuciones\/","title":{"rendered":"Contribuciones"},"content":{"rendered":"<p>Las contribuciones al Blog \u2018Econom\u00eda y Salud\u2019 pueden ser de dos tipos: publicando una entrada o a trav\u00e9s de los comentarios a las contribuciones.<\/p>\n<h3>Publicar<\/h3>\n<p>El Blog \u2018Econom\u00eda y Salud\u2019 est\u00e1 abierto a las contribuciones. Todas las opiniones basadas en datos objetivos y en un an\u00e1lisis econ\u00f3mico riguroso. Las normas de redacci\u00f3n de cada tipolog\u00eda est\u00e1n disponibles a trav\u00e9s de los editores o del Comit\u00e9 de Redacci\u00f3n. Todos aquellos interesados en publicar en el Blog Econom\u00eda y Salud env\u00eden un email a blog [at] aes.es. La decisi\u00f3n final de publicaci\u00f3n recae en manos de los Editores.<\/p>\n<h3>Comentarios<\/h3>\n<p>Antes de publicarse, todos los comentarios ser\u00e1n revisados y publicados por los Editores. Solicitamos a los usuarios que eviten el uso de lenguaje inapropiado, ataques personales o el intercambio de informaci\u00f3n confidencial o falsa. El racismo, la homofobia, el sexismo, insultos varios, acusaciones de mala fe y semejantes no son aceptables.<\/p>\n<p>La longitud m\u00e1xima de los comentarios es de 250 palabras, con algunas excepciones si se diera el caso. Cada lector puede participar un m\u00e1ximo de 5 veces por entrada, con algunas excepciones si se diera el caso. Con este proceso se establecen unos criterios m\u00ednimos, y es posible que conlleve un cierto retraso en publicarse.<\/p>\n<p>&nbsp;<\/p>\n","protected":false},"excerpt":{"rendered":"<p>Las contribuciones al Blog \u2018Econom\u00eda y Salud\u2019 pueden ser de dos tipos: publicando una entrada o a trav\u00e9s de los comentarios a las contribuciones. Publicar El Blog \u2018Econom\u00eda y Salud\u2019 est\u00e1 abierto a las contribuciones. Todas las opiniones basadas en datos objetivos y en un an\u00e1lisis econ\u00f3mico riguroso. Las normas de redacci\u00f3n de cada tipolog\u00eda [&hellip;]<\/p>\n","protected":false},"author":1,"featured_media":0,"parent":0,"menu_order":0,"comment_status":"closed","ping_status":"closed","template":"","meta":{"footnotes":""},"coauthors":[17],"class_list":["post-1942","page","type-page","status-publish","hentry"],"yoast_head":"<!-- This site is optimized with the Yoast SEO plugin v27.3 - https:\/\/yoast.com\/product\/yoast-seo-wordpress\/ -->\n<title>Contribuciones - Blog Econom\u00eda y Salud<\/title>\n<meta name=\"robots\" content=\"index, follow, max-snippet:-1, max-image-preview:large, max-video-preview:-1\" \/>\n<link rel=\"canonical\" href=\"https:\/\/www.aes.es\/blog\/contribuciones\/\" \/>\n<meta property=\"og:locale\" content=\"es_ES\" \/>\n<meta property=\"og:type\" content=\"article\" \/>\n<meta property=\"og:title\" content=\"Contribuciones - Blog Econom\u00eda y Salud\" \/>\n<meta property=\"og:description\" content=\"Las contribuciones al Blog \u2018Econom\u00eda y Salud\u2019 pueden ser de dos tipos: publicando una entrada o a trav\u00e9s de los comentarios a las contribuciones. Publicar El Blog \u2018Econom\u00eda y Salud\u2019 est\u00e1 abierto a las contribuciones. Todas las opiniones basadas en datos objetivos y en un an\u00e1lisis econ\u00f3mico riguroso. Las normas de redacci\u00f3n de cada tipolog\u00eda [&hellip;]\" \/>\n<meta property=\"og:url\" content=\"https:\/\/www.aes.es\/blog\/contribuciones\/\" \/>\n<meta property=\"og:site_name\" content=\"Blog Econom\u00eda y Salud\" \/>\n<meta property=\"article:modified_time\" content=\"2021-12-21T11:49:44+00:00\" \/>\n<meta name=\"twitter:card\" content=\"summary_large_image\" \/>\n<meta name=\"twitter:label1\" content=\"Tiempo de lectura\" \/>\n\t<meta name=\"twitter:data1\" content=\"1 minuto\" \/>\n\t<meta name=\"twitter:label2\" content=\"Written by\" \/>\n\t<meta name=\"twitter:data2\" content=\"Asociaci\u00f3n de Econom\u00eda de la Salud\" \/>\n<script type=\"application\/ld+json\" class=\"yoast-schema-graph\">{\"@context\":\"https:\\\/\\\/schema.org\",\"@graph\":[{\"@type\":\"WebPage\",\"@id\":\"https:\\\/\\\/www.aes.es\\\/blog\\\/contribuciones\\\/\",\"url\":\"https:\\\/\\\/www.aes.es\\\/blog\\\/contribuciones\\\/\",\"name\":\"Contribuciones - Blog Econom\u00eda y Salud\",\"isPartOf\":{\"@id\":\"https:\\\/\\\/www.aes.es\\\/blog\\\/#website\"},\"datePublished\":\"2021-12-21T11:49:23+00:00\",\"dateModified\":\"2021-12-21T11:49:44+00:00\",\"breadcrumb\":{\"@id\":\"https:\\\/\\\/www.aes.es\\\/blog\\\/contribuciones\\\/#breadcrumb\"},\"inLanguage\":\"es\",\"potentialAction\":[{\"@type\":\"ReadAction\",\"target\":[\"https:\\\/\\\/www.aes.es\\\/blog\\\/contribuciones\\\/\"]}]},{\"@type\":\"BreadcrumbList\",\"@id\":\"https:\\\/\\\/www.aes.es\\\/blog\\\/contribuciones\\\/#breadcrumb\",\"itemListElement\":[{\"@type\":\"ListItem\",\"position\":1,\"name\":\"Portada\",\"item\":\"https:\\\/\\\/www.aes.es\\\/blog\\\/\"},{\"@type\":\"ListItem\",\"position\":2,\"name\":\"Contribuciones\"}]},{\"@type\":\"WebSite\",\"@id\":\"https:\\\/\\\/www.aes.es\\\/blog\\\/#website\",\"url\":\"https:\\\/\\\/www.aes.es\\\/blog\\\/\",\"name\":\"Blog Econom\u00eda y Salud\",\"description\":\"Econom\u00eda y Salud\",\"potentialAction\":[{\"@type\":\"SearchAction\",\"target\":{\"@type\":\"EntryPoint\",\"urlTemplate\":\"https:\\\/\\\/www.aes.es\\\/blog\\\/?s={search_term_string}\"},\"query-input\":{\"@type\":\"PropertyValueSpecification\",\"valueRequired\":true,\"valueName\":\"search_term_string\"}}],\"inLanguage\":\"es\"}]}<\/script>\n<!-- \/ Yoast SEO plugin. -->","yoast_head_json":{"title":"Contribuciones - Blog Econom\u00eda y Salud","robots":{"index":"index","follow":"follow","max-snippet":"max-snippet:-1","max-image-preview":"max-image-preview:large","max-video-preview":"max-video-preview:-1"},"canonical":"https:\/\/www.aes.es\/blog\/contribuciones\/","og_locale":"es_ES","og_type":"article","og_title":"Contribuciones - Blog Econom\u00eda y Salud","og_description":"Las contribuciones al Blog \u2018Econom\u00eda y Salud\u2019 pueden ser de dos tipos: publicando una entrada o a trav\u00e9s de los comentarios a las contribuciones. Publicar El Blog \u2018Econom\u00eda y Salud\u2019 est\u00e1 abierto a las contribuciones. Todas las opiniones basadas en datos objetivos y en un an\u00e1lisis econ\u00f3mico riguroso. Las normas de redacci\u00f3n de cada tipolog\u00eda [&hellip;]","og_url":"https:\/\/www.aes.es\/blog\/contribuciones\/","og_site_name":"Blog Econom\u00eda y Salud","article_modified_time":"2021-12-21T11:49:44+00:00","twitter_card":"summary_large_image","twitter_misc":{"Tiempo de lectura":"1 minuto","Written by":"Asociaci\u00f3n de Econom\u00eda de la Salud"},"schema":{"@context":"https:\/\/schema.org","@graph":[{"@type":"WebPage","@id":"https:\/\/www.aes.es\/blog\/contribuciones\/","url":"https:\/\/www.aes.es\/blog\/contribuciones\/","name":"Contribuciones - Blog Econom\u00eda y Salud","isPartOf":{"@id":"https:\/\/www.aes.es\/blog\/#website"},"datePublished":"2021-12-21T11:49:23+00:00","dateModified":"2021-12-21T11:49:44+00:00","breadcrumb":{"@id":"https:\/\/www.aes.es\/blog\/contribuciones\/#breadcrumb"},"inLanguage":"es","potentialAction":[{"@type":"ReadAction","target":["https:\/\/www.aes.es\/blog\/contribuciones\/"]}]},{"@type":"BreadcrumbList","@id":"https:\/\/www.aes.es\/blog\/contribuciones\/#breadcrumb","itemListElement":[{"@type":"ListItem","position":1,"name":"Portada","item":"https:\/\/www.aes.es\/blog\/"},{"@type":"ListItem","position":2,"name":"Contribuciones"}]},{"@type":"WebSite","@id":"https:\/\/www.aes.es\/blog\/#website","url":"https:\/\/www.aes.es\/blog\/","name":"Blog Econom\u00eda y Salud","description":"Econom\u00eda y Salud","potentialAction":[{"@type":"SearchAction","target":{"@type":"EntryPoint","urlTemplate":"https:\/\/www.aes.es\/blog\/?s={search_term_string}"},"query-input":{"@type":"PropertyValueSpecification","valueRequired":true,"valueName":"search_term_string"}}],"inLanguage":"es"}]}},"_links":{"self":[{"href":"https:\/\/www.aes.es\/blog\/wp-json\/wp\/v2\/pages\/1942","targetHints":{"allow":["GET"]}}],"collection":[{"href":"https:\/\/www.aes.es\/blog\/wp-json\/wp\/v2\/pages"}],"about":[{"href":"https:\/\/www.aes.es\/blog\/wp-json\/wp\/v2\/types\/page"}],"author":[{"embeddable":true,"href":"https:\/\/www.aes.es\/blog\/wp-json\/wp\/v2\/users\/1"}],"replies":[{"embeddable":true,"href":"https:\/\/www.aes.es\/blog\/wp-json\/wp\/v2\/comments?post=1942"}],"version-history":[{"count":1,"href":"https:\/\/www.aes.es\/blog\/wp-json\/wp\/v2\/pages\/1942\/revisions"}],"predecessor-version":[{"id":1943,"href":"https:\/\/www.aes.es\/blog\/wp-json\/wp\/v2\/pages\/1942\/revisions\/1943"}],"wp:attachment":[{"href":"https:\/\/www.aes.es\/blog\/wp-json\/wp\/v2\/media?parent=1942"}],"wp:term":[{"taxonomy":"author","embeddable":true,"href":"https:\/\/www.aes.es\/blog\/wp-json\/wp\/v2\/coauthors?post=1942"}],"curies":[{"name":"wp","href":"https:\/\/api.w.org\/{rel}","templated":true}]}}