{"id":1929,"date":"2021-12-21T11:42:11","date_gmt":"2021-12-21T11:42:11","guid":{"rendered":"https:\/\/www.aes.es\/blog\/?page_id=1929"},"modified":"2025-03-31T11:22:33","modified_gmt":"2025-03-31T11:22:33","slug":"equipo-editorial","status":"publish","type":"page","link":"https:\/\/www.aes.es\/blog\/equipo-editorial\/","title":{"rendered":"Equipo editorial"},"content":{"rendered":"<p>El equipo editorial del Blog \u2018Econom\u00eda y Salud\u2019 est\u00e1 formado por dos editores y un Comit\u00e9 de redacci\u00f3n que a continuaci\u00f3n presentamos.<\/p>\n<p>Los editores del Blog Econom\u00eda y Salud son:<\/p>\n<table style=\"border-collapse: collapse; width: 100%;\">\n<tbody>\n<tr>\n<td style=\"width: 50%;\"><img loading=\"lazy\" decoding=\"async\" class=\"alignnone wp-image-3207 size-full\" src=\"https:\/\/www.aes.es\/blog\/wp-content\/uploads\/2025\/03\/Andrea-Salas-Ortiz.jpg\" alt=\"\" width=\"199\" height=\"198\" srcset=\"https:\/\/www.aes.es\/blog\/wp-content\/uploads\/2025\/03\/Andrea-Salas-Ortiz.jpg 199w, https:\/\/www.aes.es\/blog\/wp-content\/uploads\/2025\/03\/Andrea-Salas-Ortiz-150x150.jpg 150w\" sizes=\"auto, (max-width: 199px) 100vw, 199px\" \/><\/td>\n<td style=\"width: 50%;\"><strong>Andrea Salas Ortiz<\/strong> es investigadora en el Centro de Econom\u00eda de la Salud (CHE) de la Universidad de York. Andrea es Licenciada en Econom\u00eda por la Universidad Michoacana de San Nicol\u00e1s de Hidalgo (UMSNH), M\u00e1ster en Administraci\u00f3n y Pol\u00edticas P\u00fablicas por el Centro de Investigaci\u00f3n y Docencia Econ\u00f3micas (CIDE) en M\u00e9xico, y Doctora en Econom\u00eda por la Universidad de York, Reino Unido. <a href=\"https:\/\/x.com\/AndreaSalasOrt4\" target=\"_blank\" rel=\"noopener\"><img loading=\"lazy\" decoding=\"async\" class=\"img-inline alignnone wp-image-3210\" src=\"https:\/\/www.aes.es\/blog\/wp-content\/uploads\/2025\/03\/ico-twitter-x.png\" alt=\"\" width=\"20\" height=\"20\" \/><\/a> <a href=\"https:\/\/www.linkedin.com\/in\/andrea-salas-ortiz-31737020a\/\" target=\"_blank\" rel=\"noopener\"><img loading=\"lazy\" decoding=\"async\" class=\"img-inline alignnone wp-image-1933\" src=\"https:\/\/www.aes.es\/blog\/wp-content\/uploads\/2021\/12\/ico-linkedin.png\" alt=\"\" width=\"19\" height=\"20\" \/><\/a><\/td>\n<\/tr>\n<tr>\n<td style=\"width: 50%;\"><img loading=\"lazy\" decoding=\"async\" class=\"alignnone wp-image-3208 size-full\" src=\"https:\/\/www.aes.es\/blog\/wp-content\/uploads\/2025\/03\/Aranzazu-Hernandez-Yumar.jpg\" alt=\"\" width=\"199\" height=\"198\" srcset=\"https:\/\/www.aes.es\/blog\/wp-content\/uploads\/2025\/03\/Aranzazu-Hernandez-Yumar.jpg 199w, https:\/\/www.aes.es\/blog\/wp-content\/uploads\/2025\/03\/Aranzazu-Hernandez-Yumar-150x150.jpg 150w\" sizes=\"auto, (max-width: 199px) 100vw, 199px\" \/><\/td>\n<td style=\"width: 50%;\"><strong>Ar\u00e1nzazu Hern\u00e1ndez-Yumar<\/strong> Doctora en Desarrollo Regional y Graduada en Econom\u00eda por la Universidad de La Laguna. Es t\u00e9cnico de investigaci\u00f3n de la Fundaci\u00f3n Canaria Instituto de Investigaci\u00f3n Sanitaria de Canarias (FIISC), asociada al Servicio de Evaluaci\u00f3n del Servicio Canario de la Salud (SESCS) y profesora de la Universidad de La Laguna (ULL). Forma parte de la Red Espa\u00f1ola de Agencias de Evaluaci\u00f3n de Tecnolog\u00edas Sanitarias y Prestaciones del Sistema Nacional de Salud (RedETS). <a href=\"https:\/\/www.linkedin.com\/in\/ar%C3%A1nzazu-hern%C3%A1ndez-yumar-92053696\/\" target=\"_blank\" rel=\"noopener\"><img loading=\"lazy\" decoding=\"async\" class=\"img-inline alignnone wp-image-1933\" src=\"https:\/\/www.aes.es\/blog\/wp-content\/uploads\/2021\/12\/ico-linkedin.png\" alt=\"\" width=\"19\" height=\"20\" \/><\/a><\/td>\n<\/tr>\n<\/tbody>\n<\/table>\n<p>Por su parte, el Comit\u00e9 de Redacci\u00f3n del Blog Econom\u00eda y Salud est\u00e1 compuesto por:<\/p>\n<ul>\n<li>En representaci\u00f3n de la <a href=\"http:\/\/www.aes.es\/junta-directiva\/\" target=\"_blank\" rel=\"noopener\">Junta Directiva de AES<\/a>:<br \/>\nSergio Garc\u00eda Vicente <a href=\"https:\/\/twitter.com\/sergiogvicente\" target=\"_blank\" rel=\"noopener\"><img loading=\"lazy\" decoding=\"async\" class=\"img-inline alignnone wp-image-3210\" src=\"https:\/\/www.aes.es\/blog\/wp-content\/uploads\/2025\/03\/ico-twitter-x.png\" alt=\"\" width=\"20\" height=\"20\" \/><\/a>\u00a0 <a href=\"https:\/\/www.linkedin.com\/in\/sergio-garc%C3%ADa-vicente-7847b523\/\" target=\"_blank\" rel=\"noopener\"><img loading=\"lazy\" decoding=\"async\" class=\"img-inline alignnone wp-image-1933\" src=\"https:\/\/www.aes.es\/blog\/wp-content\/uploads\/2021\/12\/ico-linkedin.png\" alt=\"\" width=\"19\" height=\"20\" \/><\/a><\/li>\n<li>En representaci\u00f3n de <a href=\"http:\/\/www.aes.es\/aesec\/presentacion\/\" target=\"_blank\" rel=\"noopener\">AESEC<\/a>:<br \/>\nSara Pinillos-Franco <a href=\"https:\/\/x.com\/SaraPinillos\" target=\"_blank\" rel=\"noopener\"><img loading=\"lazy\" decoding=\"async\" class=\"img-inline alignnone wp-image-3210\" src=\"https:\/\/www.aes.es\/blog\/wp-content\/uploads\/2025\/03\/ico-twitter-x.png\" alt=\"\" width=\"20\" height=\"20\" \/><\/a> <a href=\"https:\/\/www.linkedin.com\/in\/sarapinillos\/\" target=\"_blank\" rel=\"noopener\"><img loading=\"lazy\" decoding=\"async\" class=\"img-inline alignnone wp-image-1933\" src=\"https:\/\/www.aes.es\/blog\/wp-content\/uploads\/2021\/12\/ico-linkedin.png\" alt=\"\" width=\"19\" height=\"20\" \/><\/a> y Juan David Garc\u00eda-Corchero <a href=\"https:\/\/x.com\/juandtweet\" target=\"_blank\" rel=\"noopener\"><img loading=\"lazy\" decoding=\"async\" class=\"img-inline alignnone wp-image-3210\" src=\"https:\/\/www.aes.es\/blog\/wp-content\/uploads\/2025\/03\/ico-twitter-x.png\" alt=\"\" width=\"20\" height=\"20\" \/><\/a> <a href=\"https:\/\/www.linkedin.com\/in\/juan-david-garcia-corchero-215324202\/\" target=\"_blank\" rel=\"noopener\"><img loading=\"lazy\" decoding=\"async\" class=\"img-inline alignnone wp-image-1933\" src=\"https:\/\/www.aes.es\/blog\/wp-content\/uploads\/2021\/12\/ico-linkedin.png\" alt=\"\" width=\"19\" height=\"20\" \/><\/a><\/li>\n<li>En representaci\u00f3n de <a href=\"http:\/\/www.aes.es\/eeconaes\/presentacion\/\" target=\"_blank\" rel=\"noopener\">EEconAES<\/a>:<br \/>\nDavid Epstein <a href=\"https:\/\/twitter.com\/@DavidepsteinGRX\" target=\"_blank\" rel=\"noopener\"><img loading=\"lazy\" decoding=\"async\" class=\"img-inline alignnone wp-image-3210\" src=\"https:\/\/www.aes.es\/blog\/wp-content\/uploads\/2025\/03\/ico-twitter-x.png\" alt=\"\" width=\"20\" height=\"20\" \/><\/a> <a href=\"https:\/\/www.linkedin.com\/in\/david-epstein-5ba3a08a\" target=\"_blank\" rel=\"noopener\"><img loading=\"lazy\" decoding=\"async\" class=\"img-inline alignnone wp-image-1933\" src=\"https:\/\/www.aes.es\/blog\/wp-content\/uploads\/2021\/12\/ico-linkedin.png\" alt=\"\" width=\"19\" height=\"20\" \/><\/a> \u00a0 y Miguel \u00c1ngel Negr\u00edn <a href=\"https:\/\/twitter.com\/@manegrinhdez\" target=\"_blank\" rel=\"noopener\"><img loading=\"lazy\" decoding=\"async\" class=\"img-inline alignnone wp-image-1932\" src=\"https:\/\/www.aes.es\/blog\/wp-content\/uploads\/2025\/03\/ico-twitter-x.png\" alt=\"\" width=\"20\" height=\"20\" \/><\/a><\/li>\n<li>En representaci\u00f3n de <a href=\"http:\/\/www.aes.es\/evaluaes\/presentacion\/\" target=\"_blank\" rel=\"noopener\">EvaluAES<\/a>:<br \/>\n<a href=\"http:\/\/www.aes.es\/evaluaes\/borja-garcia\/\" target=\"_blank\" rel=\"noopener\">Borja Garc\u00eda-Lorenzo<\/a> y Ana Magdalena Vargas Mart\u00ednez <a href=\"https:\/\/twitter.com\/@AMVargas4\" target=\"_blank\" rel=\"noopener\"><img loading=\"lazy\" decoding=\"async\" class=\"img-inline alignnone wp-image-1932\" src=\"https:\/\/www.aes.es\/blog\/wp-content\/uploads\/2025\/03\/ico-twitter-x.png\" alt=\"\" width=\"20\" height=\"20\" \/><\/a> <a href=\"https:\/\/www.linkedin.com\/in\/ana-magdalena-vargas-mart%C3%ADnez-4b79b817a?lipi=urn%3Ali%3Apage%3Ad_flagship3_profile_view_base_contact_details%3B1YH2OvIlSBWOaLwHL4ME7Q%3D%3D\" target=\"_blank\" rel=\"noopener\"><img loading=\"lazy\" decoding=\"async\" class=\"img-inline alignnone wp-image-1933\" src=\"https:\/\/www.aes.es\/blog\/wp-content\/uploads\/2021\/12\/ico-linkedin.png\" alt=\"\" width=\"19\" height=\"20\" \/><\/a><\/li>\n<li>En representaci\u00f3n de <a href=\"http:\/\/www.aes.es\/gestionaes\/presentacion\/\" target=\"_blank\" rel=\"noopener\">GestionAES<\/a>:<br \/>\nCarla Bl\u00e1zquez <a href=\"https:\/\/twitter.com\/blazquezc\" target=\"_blank\" rel=\"noopener\"><img loading=\"lazy\" decoding=\"async\" class=\"img-inline alignnone wp-image-1932\" src=\"https:\/\/www.aes.es\/blog\/wp-content\/uploads\/2025\/03\/ico-twitter-x.png\" alt=\"\" width=\"20\" height=\"20\" \/><\/a> <a href=\"https:\/\/www.linkedin.com\/in\/carla-bl%C3%A1zquez-fern%C3%A1ndez-45211910a\" target=\"_blank\" rel=\"noopener\"><img loading=\"lazy\" decoding=\"async\" class=\"img-inline alignnone wp-image-1933\" src=\"https:\/\/www.aes.es\/blog\/wp-content\/uploads\/2021\/12\/ico-linkedin.png\" alt=\"\" width=\"19\" height=\"20\" \/><\/a> y Francesc Cots <a href=\"https:\/\/www.linkedin.com\/in\/francesc-cots-reguant-09954142\/\" target=\"_blank\" rel=\"noopener\"><img loading=\"lazy\" decoding=\"async\" class=\"img-inline alignnone wp-image-1933\" src=\"https:\/\/www.aes.es\/blog\/wp-content\/uploads\/2021\/12\/ico-linkedin.png\" alt=\"\" width=\"19\" height=\"20\" \/><\/a><\/li>\n<\/ul>\n","protected":false},"excerpt":{"rendered":"<p>El equipo editorial del Blog \u2018Econom\u00eda y Salud\u2019 est\u00e1 formado por dos editores y un Comit\u00e9 de redacci\u00f3n que a continuaci\u00f3n presentamos. Los editores del Blog Econom\u00eda y Salud son: Andrea Salas Ortiz es investigadora en el Centro de Econom\u00eda de la Salud (CHE) de la Universidad de York. Andrea es Licenciada en Econom\u00eda por [&hellip;]<\/p>\n","protected":false},"author":1,"featured_media":0,"parent":0,"menu_order":0,"comment_status":"closed","ping_status":"closed","template":"","meta":{"footnotes":""},"coauthors":[17],"class_list":["post-1929","page","type-page","status-publish","hentry"],"yoast_head":"<!-- This site is optimized with the Yoast SEO plugin v27.3 - https:\/\/yoast.com\/product\/yoast-seo-wordpress\/ -->\n<title>Equipo editorial - Blog Econom\u00eda y Salud<\/title>\n<meta name=\"robots\" content=\"index, follow, max-snippet:-1, max-image-preview:large, max-video-preview:-1\" \/>\n<link rel=\"canonical\" href=\"https:\/\/www.aes.es\/blog\/equipo-editorial\/\" \/>\n<meta property=\"og:locale\" content=\"es_ES\" \/>\n<meta property=\"og:type\" content=\"article\" \/>\n<meta property=\"og:title\" content=\"Equipo editorial - Blog Econom\u00eda y Salud\" \/>\n<meta property=\"og:description\" content=\"El equipo editorial del Blog \u2018Econom\u00eda y Salud\u2019 est\u00e1 formado por dos editores y un Comit\u00e9 de redacci\u00f3n que a continuaci\u00f3n presentamos. Los editores del Blog Econom\u00eda y Salud son: Andrea Salas Ortiz es investigadora en el Centro de Econom\u00eda de la Salud (CHE) de la Universidad de York. Andrea es Licenciada en Econom\u00eda por [&hellip;]\" \/>\n<meta property=\"og:url\" content=\"https:\/\/www.aes.es\/blog\/equipo-editorial\/\" \/>\n<meta property=\"og:site_name\" content=\"Blog Econom\u00eda y Salud\" \/>\n<meta property=\"article:modified_time\" content=\"2025-03-31T11:22:33+00:00\" \/>\n<meta property=\"og:image\" content=\"https:\/\/www.aes.es\/blog\/wp-content\/uploads\/2025\/03\/Andrea-Salas-Ortiz.jpg\" \/>\n<meta name=\"twitter:card\" content=\"summary_large_image\" \/>\n<meta name=\"twitter:label1\" content=\"Tiempo de lectura\" \/>\n\t<meta name=\"twitter:data1\" content=\"5 minutos\" \/>\n\t<meta name=\"twitter:label2\" content=\"Written by\" \/>\n\t<meta name=\"twitter:data2\" content=\"Asociaci\u00f3n de Econom\u00eda de la Salud\" \/>\n<script type=\"application\/ld+json\" class=\"yoast-schema-graph\">{\"@context\":\"https:\\\/\\\/schema.org\",\"@graph\":[{\"@type\":\"WebPage\",\"@id\":\"https:\\\/\\\/www.aes.es\\\/blog\\\/equipo-editorial\\\/\",\"url\":\"https:\\\/\\\/www.aes.es\\\/blog\\\/equipo-editorial\\\/\",\"name\":\"Equipo editorial - Blog Econom\u00eda y Salud\",\"isPartOf\":{\"@id\":\"https:\\\/\\\/www.aes.es\\\/blog\\\/#website\"},\"primaryImageOfPage\":{\"@id\":\"https:\\\/\\\/www.aes.es\\\/blog\\\/equipo-editorial\\\/#primaryimage\"},\"image\":{\"@id\":\"https:\\\/\\\/www.aes.es\\\/blog\\\/equipo-editorial\\\/#primaryimage\"},\"thumbnailUrl\":\"https:\\\/\\\/www.aes.es\\\/blog\\\/wp-content\\\/uploads\\\/2025\\\/03\\\/Andrea-Salas-Ortiz.jpg\",\"datePublished\":\"2021-12-21T11:42:11+00:00\",\"dateModified\":\"2025-03-31T11:22:33+00:00\",\"breadcrumb\":{\"@id\":\"https:\\\/\\\/www.aes.es\\\/blog\\\/equipo-editorial\\\/#breadcrumb\"},\"inLanguage\":\"es\",\"potentialAction\":[{\"@type\":\"ReadAction\",\"target\":[\"https:\\\/\\\/www.aes.es\\\/blog\\\/equipo-editorial\\\/\"]}]},{\"@type\":\"ImageObject\",\"inLanguage\":\"es\",\"@id\":\"https:\\\/\\\/www.aes.es\\\/blog\\\/equipo-editorial\\\/#primaryimage\",\"url\":\"https:\\\/\\\/www.aes.es\\\/blog\\\/wp-content\\\/uploads\\\/2025\\\/03\\\/Andrea-Salas-Ortiz.jpg\",\"contentUrl\":\"https:\\\/\\\/www.aes.es\\\/blog\\\/wp-content\\\/uploads\\\/2025\\\/03\\\/Andrea-Salas-Ortiz.jpg\",\"width\":199,\"height\":198},{\"@type\":\"BreadcrumbList\",\"@id\":\"https:\\\/\\\/www.aes.es\\\/blog\\\/equipo-editorial\\\/#breadcrumb\",\"itemListElement\":[{\"@type\":\"ListItem\",\"position\":1,\"name\":\"Portada\",\"item\":\"https:\\\/\\\/www.aes.es\\\/blog\\\/\"},{\"@type\":\"ListItem\",\"position\":2,\"name\":\"Equipo editorial\"}]},{\"@type\":\"WebSite\",\"@id\":\"https:\\\/\\\/www.aes.es\\\/blog\\\/#website\",\"url\":\"https:\\\/\\\/www.aes.es\\\/blog\\\/\",\"name\":\"Blog Econom\u00eda y Salud\",\"description\":\"Econom\u00eda y Salud\",\"potentialAction\":[{\"@type\":\"SearchAction\",\"target\":{\"@type\":\"EntryPoint\",\"urlTemplate\":\"https:\\\/\\\/www.aes.es\\\/blog\\\/?s={search_term_string}\"},\"query-input\":{\"@type\":\"PropertyValueSpecification\",\"valueRequired\":true,\"valueName\":\"search_term_string\"}}],\"inLanguage\":\"es\"}]}<\/script>\n<!-- \/ Yoast SEO plugin. -->","yoast_head_json":{"title":"Equipo editorial - Blog Econom\u00eda y Salud","robots":{"index":"index","follow":"follow","max-snippet":"max-snippet:-1","max-image-preview":"max-image-preview:large","max-video-preview":"max-video-preview:-1"},"canonical":"https:\/\/www.aes.es\/blog\/equipo-editorial\/","og_locale":"es_ES","og_type":"article","og_title":"Equipo editorial - Blog Econom\u00eda y Salud","og_description":"El equipo editorial del Blog \u2018Econom\u00eda y Salud\u2019 est\u00e1 formado por dos editores y un Comit\u00e9 de redacci\u00f3n que a continuaci\u00f3n presentamos. Los editores del Blog Econom\u00eda y Salud son: Andrea Salas Ortiz es investigadora en el Centro de Econom\u00eda de la Salud (CHE) de la Universidad de York. Andrea es Licenciada en Econom\u00eda por [&hellip;]","og_url":"https:\/\/www.aes.es\/blog\/equipo-editorial\/","og_site_name":"Blog Econom\u00eda y Salud","article_modified_time":"2025-03-31T11:22:33+00:00","og_image":[{"url":"https:\/\/www.aes.es\/blog\/wp-content\/uploads\/2025\/03\/Andrea-Salas-Ortiz.jpg","type":"","width":"","height":""}],"twitter_card":"summary_large_image","twitter_misc":{"Tiempo de lectura":"5 minutos","Written by":"Asociaci\u00f3n de Econom\u00eda de la Salud"},"schema":{"@context":"https:\/\/schema.org","@graph":[{"@type":"WebPage","@id":"https:\/\/www.aes.es\/blog\/equipo-editorial\/","url":"https:\/\/www.aes.es\/blog\/equipo-editorial\/","name":"Equipo editorial - Blog Econom\u00eda y Salud","isPartOf":{"@id":"https:\/\/www.aes.es\/blog\/#website"},"primaryImageOfPage":{"@id":"https:\/\/www.aes.es\/blog\/equipo-editorial\/#primaryimage"},"image":{"@id":"https:\/\/www.aes.es\/blog\/equipo-editorial\/#primaryimage"},"thumbnailUrl":"https:\/\/www.aes.es\/blog\/wp-content\/uploads\/2025\/03\/Andrea-Salas-Ortiz.jpg","datePublished":"2021-12-21T11:42:11+00:00","dateModified":"2025-03-31T11:22:33+00:00","breadcrumb":{"@id":"https:\/\/www.aes.es\/blog\/equipo-editorial\/#breadcrumb"},"inLanguage":"es","potentialAction":[{"@type":"ReadAction","target":["https:\/\/www.aes.es\/blog\/equipo-editorial\/"]}]},{"@type":"ImageObject","inLanguage":"es","@id":"https:\/\/www.aes.es\/blog\/equipo-editorial\/#primaryimage","url":"https:\/\/www.aes.es\/blog\/wp-content\/uploads\/2025\/03\/Andrea-Salas-Ortiz.jpg","contentUrl":"https:\/\/www.aes.es\/blog\/wp-content\/uploads\/2025\/03\/Andrea-Salas-Ortiz.jpg","width":199,"height":198},{"@type":"BreadcrumbList","@id":"https:\/\/www.aes.es\/blog\/equipo-editorial\/#breadcrumb","itemListElement":[{"@type":"ListItem","position":1,"name":"Portada","item":"https:\/\/www.aes.es\/blog\/"},{"@type":"ListItem","position":2,"name":"Equipo editorial"}]},{"@type":"WebSite","@id":"https:\/\/www.aes.es\/blog\/#website","url":"https:\/\/www.aes.es\/blog\/","name":"Blog Econom\u00eda y Salud","description":"Econom\u00eda y Salud","potentialAction":[{"@type":"SearchAction","target":{"@type":"EntryPoint","urlTemplate":"https:\/\/www.aes.es\/blog\/?s={search_term_string}"},"query-input":{"@type":"PropertyValueSpecification","valueRequired":true,"valueName":"search_term_string"}}],"inLanguage":"es"}]}},"_links":{"self":[{"href":"https:\/\/www.aes.es\/blog\/wp-json\/wp\/v2\/pages\/1929","targetHints":{"allow":["GET"]}}],"collection":[{"href":"https:\/\/www.aes.es\/blog\/wp-json\/wp\/v2\/pages"}],"about":[{"href":"https:\/\/www.aes.es\/blog\/wp-json\/wp\/v2\/types\/page"}],"author":[{"embeddable":true,"href":"https:\/\/www.aes.es\/blog\/wp-json\/wp\/v2\/users\/1"}],"replies":[{"embeddable":true,"href":"https:\/\/www.aes.es\/blog\/wp-json\/wp\/v2\/comments?post=1929"}],"version-history":[{"count":12,"href":"https:\/\/www.aes.es\/blog\/wp-json\/wp\/v2\/pages\/1929\/revisions"}],"predecessor-version":[{"id":3222,"href":"https:\/\/www.aes.es\/blog\/wp-json\/wp\/v2\/pages\/1929\/revisions\/3222"}],"wp:attachment":[{"href":"https:\/\/www.aes.es\/blog\/wp-json\/wp\/v2\/media?parent=1929"}],"wp:term":[{"taxonomy":"author","embeddable":true,"href":"https:\/\/www.aes.es\/blog\/wp-json\/wp\/v2\/coauthors?post=1929"}],"curies":[{"name":"wp","href":"https:\/\/api.w.org\/{rel}","templated":true}]}}